{"id":987516267,"date":"2026-01-02T17:26:23","date_gmt":"2026-01-02T17:26:23","guid":{"rendered":"https:\/\/mgdev.work\/privacy-policy\/"},"modified":"2026-01-16T14:53:06","modified_gmt":"2026-01-16T14:53:06","slug":"privacy-policy","status":"publish","type":"page","link":"https:\/\/stag.mgdev.work\/es\/privacy-policy\/","title":{"rendered":"Privacy Policy"},"content":{"rendered":"<div class=\"et_pb_section_0 et_pb_section et_section_regular et_block_section preset--module--divi-section--74c69059-8e69-4122-b1e6-dfeabf6c5711\"><span class=\"et_pb_background_pattern\"><\/span>\n<div class=\"et_pb_row_0 et_pb_row et_flex_row preset--group--divi-row--divi-layout--tshh3ozcbi\">\n<div class=\"et_pb_column_0 et_pb_column et-last-child et_flex_column et_pb_css_mix_blend_mode_passthrough et_flex_column_24_24 et_flex_column_24_24_tablet et_flex_column_24_24_phone et_flex_column_24_24_phoneWide et_flex_column_24_24_tabletWide preset--group--divi-column--divi-layout--tshh3ozcbi\">\n<div class=\"et_pb_heading_0 et_pb_heading et_pb_module et_flex_module preset--group--divi-heading--divi-font--1jfqcrlnpb\"><div class=\"et_pb_heading_container\"><h1 class=\"et_pb_module_header\">Esta es la parte aburrida \ud83d\ude42<\/h1><\/div><\/div>\n\n<div class=\"et_pb_heading_1 et_pb_heading et_pb_module et_flex_module\"><div class=\"et_pb_heading_container\"><h3 class=\"et_pb_module_header\">Pero tiene que estar aqu\u00ed. Si tiene alguna pregunta, p\u00f3ngase en contacto conmigo<\/h3><\/div><\/div>\n<\/div>\n<\/div>\n<\/div>\n\n<div class=\"et_pb_section_1 et_pb_section et_section_regular et_block_section\">\n<div class=\"et_pb_row_1 et_pb_row et_block_row\">\n<div class=\"et_pb_column_1 et_pb_column et_pb_column_4_4 et-last-child et_block_column et_pb_css_mix_blend_mode_passthrough\">\n<div class=\"et_pb_tabs_0 et_pb_tabs et_pb_module\"><ul class=\"et_pb_tabs_controls clearfix\"><li class=\"et_pb_tab_nav_item_0 et_pb_tab_nav_item et_pb_tab_0 et_pb_tab_active\"><a class=\"et_pb_tab_nav_item_link\" href=\"#\">Reglamento GDPR<\/a><\/li><li class=\"et_pb_tab_nav_item_1 et_pb_tab_nav_item et_pb_tab_1\"><a class=\"et_pb_tab_nav_item_link\" href=\"#\">Detalles de las cookies<\/a><\/li><li class=\"et_pb_tab_nav_item_2 et_pb_tab_nav_item et_pb_tab_2\"><a class=\"et_pb_tab_nav_item_link\" href=\"#\">Pol\u00edtica de privacidad<\/a><\/li><li class=\"et_pb_tab_nav_item_3 et_pb_tab_nav_item et_pb_tab_3\"><a class=\"et_pb_tab_nav_item_link\" href=\"#\">Condiciones generales<\/a><\/li><\/ul><div class=\"et_pb_all_tabs\">\n<div class=\"et_pb_tab_0 et_pb_tab clearfix et_pb_active_content et_pb_module et_block_module\"><div class=\"et_pb_tab_content\"><h3 style=\"text-align: left;\">Mallorca Graphics sigue el<strong>Reglamento General de Protecci\u00f3n de Datos<\/strong> <em>(GDPR<\/em>)<strong>de<\/strong><br \/><strong> <\/strong><\/h3>\n<p>Mallorca sigue la ley de GDPR al 100%, y siempre recomienda a los clientes que hagan lo mismo. Hay muchas empresas que te pueden ayudar con esto, pero Mallorca Graphics trabaja con y recomienda a <strong><a href=\"https:\/\/www.conversia.es\/\" target=\"_blank\" rel=\"noopener\">conversia.es<\/a><\/strong>. Es posible que no necesite esto, y puedo y voy a explicar a usted si es necesario. Mallorca Graphics solo es responsable de mi parte, y no de los clientes.   <\/p>\n<h4>Descargo de responsabilidad.<\/h4>\n<p>De conformidad con lo que establece la normativa vigente en Protecci\u00f3n de Datos de Car\u00e1cter Personal, le informamos que sus datos ser\u00e1n incorporados al sistema de tratamiento titularidad de <strong>PEDRO ANTONIO ALVAREZ FRIBERG<\/strong>, con CIF 43154929Y con domicilio social en <em>C.\/ de la GRUTA 22, APTO 3B,<\/em><em> 07007, PALMA DE MALLORCA, ILLES BALEARS<\/em>, con la finalidad de poder facilitar, atender y cumplir los compromisos establecidos entre ambas partes. De acuerdo con la normativa aplicable, PEDRO ANTONIO ALVAREZ FRIBERG informa a los usuarios que sus datos ser\u00e1n conservados durante el plazo necesario para cumplir con las condiciones mencionadas. <\/p>\n<p><strong>PEDRO ANTONIO ALVAREZ FRIBERG<\/strong> le informa que continuamos tratando sus datos personales conforme a su consentimiento continuado.<\/p>\n<p><strong>PEDRO ANTONIO ALVAREZ FRIBERG<\/strong> informa asimismo a los usuarios de que proceder\u00e1 a tratar los datos de manera l\u00edcita, leal, transparente, adecuada, pertinente, limitada, exacta y actualizada. <strong>PEDRO ANTONIO ALVAREZ FRIBERG<\/strong> se compromete, por tanto, a aplicar todas las medidas razonables para que los datos personales sean suprimidos o rectificados sin dilaci\u00f3n cuando sean inexactos.<\/p>\n<p>De acuerdo con los derechos que le confiere la normativa vigente en Protecci\u00f3n de Datos de Car\u00e1cter Personal, puede ejercitar los derechos de acceso, rectificaci\u00f3n, limitaci\u00f3n de tratamiento, supresi\u00f3n, portabilidad y oposici\u00f3n enviando su solicitud a la direcci\u00f3n postal arriba indicada o escribiendo un correo electr\u00f3nico a <em><strong>pedro@mallorcagraphics.com<\/strong><\/em>.<\/p>\n<p><em>Puede dirigirse a la Autoridad Reguladora correspondiente para presentar las reclamaciones que estime oportunas.<\/em><\/p>\n<\/div><\/div>\n\n<div class=\"et_pb_tab_1 et_pb_tab clearfix et_pb_module et_block_module\"><div class=\"et_pb_tab_content\"><p class=\"CookieDeclarationDialogText\">Este sitio web utiliza cookies. Utilizamos cookies para personalizar el contenido y los anuncios, para ofrecer funciones de redes sociales y para analizar nuestro tr\u00e1fico. Tambi\u00e9n compartimos informaci\u00f3n sobre el uso que usted hace de nuestro sitio con nuestros socios de redes sociales, publicidad y an\u00e1lisis, que pueden combinarla con otra informaci\u00f3n que usted les haya proporcionado o que hayan recopilado a partir del uso que usted hace de sus servicios.  <\/p>\n<p class=\"CookieDeclarationIntro\">Las cookies son peque\u00f1os archivos de texto que los sitios web pueden utilizar para que la experiencia del usuario sea m\u00e1s eficaz.<\/p>\n<p>La ley establece que podemos almacenar cookies en su dispositivo si son estrictamente necesarias para el funcionamiento de este sitio. Para todos los dem\u00e1s tipos de cookies necesitamos su permiso. <\/p>\n<p>Este sitio utiliza diferentes tipos de cookies. Algunas cookies son colocadas por servicios de terceros que aparecen en nuestras p\u00e1ginas. <\/p>\n<p>En cualquier momento puede modificar o retirar su consentimiento en la Declaraci\u00f3n de Cookies de nuestro sitio web.<\/p>\n<p>Obtenga m\u00e1s informaci\u00f3n sobre qui\u00e9nes somos, c\u00f3mo puede ponerse en contacto con nosotros y c\u00f3mo tratamos los datos personales en nuestra Pol\u00edtica de privacidad.<\/p>\n<p>\n<script type=\"text\/javascript\" charset=\"UTF-8\" src=\"\/\/cdn.cookie-script.com\/s\/6297c645060f34de88e069e993bdc52f.js\"><\/script><\/p>\n<\/div><\/div>\n\n<div class=\"et_pb_tab_2 et_pb_tab clearfix et_pb_module et_block_module\"><div class=\"et_pb_tab_content\"><p>Identificaci\u00f3n de la raz\u00f3n social del responsable del fichero<br \/>\nA los efectos de lo dispuesto en el art. 13 y el art. 14 del RGPD se le facilita la siguiente informaci\u00f3n:<\/p>\n<p>Responsable: PEDRO ANTONIO ALVAREZ FRIBERG<br \/>\nNIF\/CIF: 43154929Y<br \/>\nDomicilio: C\/ <em>de la GRUTA 22, APTO 3B,<\/em><br \/>\nDirecci\u00f3n de correo electr\u00f3nico: pedro@mallorcagraphics.com<br \/>\nDELEGADO DE PROTECCI\u00d3N DE DATOS<br \/>\nGLOBAL CONSULTORS &amp; CONTROLLERS SL.<br \/>\nContacto: https:\/\/.www.conversia.es\/<\/p>\n<p>Finalidad: En PEDRO ANTONIO ALVAREZ FRIBERG. tratamos la informaci\u00f3n que nos facilita con el fin de prestarles los servicios contratados y enviarle ofertas personalizadas sobres los productos y\/o servicios de la empresa, y gestionar el env\u00edo de informaci\u00f3n y prospecci\u00f3n comercial. Adem\u00e1s, tratamos la informaci\u00f3n de nuestros clientes que han contratado nuestros productos y servicios con el fin de enviarle ofertas personalizadas sobre los productos y\/o servicios de la empresa. Con el fin de poder ofrecerle nuestros productos y servicios de acuerdo con sus intereses, elaboraremos un perfil comercial en base a la informaci\u00f3n facilitada. No se tomar\u00e1n decisiones automatizadas en base a dicho perfil. Los datos personales proporcionados se conservar\u00e1n, mientras se mantenga su consentimiento expreso y no se solicite su supresi\u00f3n por el interesado, durante un plazo de 5 a\u00f1os a partir de la \u00faltima contrataci\u00f3n y\/o compra efectuada por usted.     <\/p>\n<p>Legitimaci\u00f3n: La base legal para el tratamiento de sus datos es la ejecuci\u00f3n del contrato mediante la contrataci\u00f3n del producto y\/o servicio de conformidad Ley de Servicios de Sociedad de la Informaci\u00f3n 34\/2002, art\u00edculos 20 y 21. La oferta prospectiva de productos y servicios est\u00e1 basada en el consentimiento que se le solicita sin que, en ning\u00fan caso, la retirada de este consentimiento condicione el contrato de adquisici\u00f3n de producto y\/o prestaci\u00f3n de servicio. Existe obligaci\u00f3n de facilitar el consentimiento para gestionar el env\u00edo de informaci\u00f3n y prospecci\u00f3n comercial.  <\/p>\n<p>Destinatarios: No se ceder\u00e1n datos a terceros, salvo obligaci\u00f3n legal. No hay previsi\u00f3n de transferencia de datos a terceros pa\u00edses. No se toman decisiones de adecuaci\u00f3n, garant\u00edas, normas corporativas vinculantes o situaciones espec\u00edficas aplicables.  <\/p>\n<p>Derechos: Cualquier persona tiene derecho a obtener confirmaci\u00f3n sobre si en PEDRO ANTONIO ALVAREZ FRIBERG. estamos tratando datos personales que les conciernen o no. Las personas interesadas tienen derecho a acceder a sus datos personales, as\u00ed como a solicitar la rectificaci\u00f3n de los datos inexactos, o en su caso, solicitar la supresi\u00f3n cuando, entre otros motivos, los datos ya no sean necesarios para los fines que fueron recogidos. En determinadas circunstancias, los interesados podr\u00e1n solicitar la limitaci\u00f3n del tratamiento de sus datos, en cuyo caso \u00fanicamente lo conservaremos para el ejercicio o la defensa de reclamaciones. Usted tiene derecho a presentar una Reclamaci\u00f3n ante la Autoridad de Control (Agencia Espa\u00f1ola de Protecci\u00f3n Datos: WWW.AGPD.ES; procedencia: EL PROPIO INTERESADO).    <\/p>\n<p>1.2. El cliente acepta expresamente la inclusi\u00f3n de los datos de car\u00e1cter personal recabados durante la navegaci\u00f3n por la p\u00e1gina o proporcionados mediante la cumplimentaci\u00f3n de cualquier formulario, as\u00ed como los derivados de una posible relaci\u00f3n comercial en los ficheros automatizados de datos de car\u00e1cter personal referidos en el apartado primero. Durante el proceso de recogida de datos y en cada lugar de la Web en el que se soliciten datos de car\u00e1cter personal, el cliente ser\u00e1 informado, ya sea mediante un hiperv\u00ednculo, ya sea mediante la inclusi\u00f3n de las menciones oportunas en el propio formulario, del car\u00e1cter obligatorio o no de recogida de tales datos de car\u00e1cter personal. A todo cliente que decide registrarse en la p\u00e1gina web de nuestra empresa le solicitamos los datos de car\u00e1cter personal necesarios para los fines del servicio solicitado, que no es otro que es la prestaci\u00f3n de los servicios y\/o venta de productos ofertados en la Web.  <\/p>\n<p>1.3. El cliente\/usuario podr\u00e1 ejercitar, respecto de los datos recabados en la forma prevista en el apartado anterior, los derechos reconocidos en los art\u00edculos 15 a 21 del Reglamento (UE) 2016\/679, y en particular los derechos de acceso, rectificaci\u00f3n, supresi\u00f3n, limitaci\u00f3n al tratamiento, portabilidad de los datos, oposici\u00f3n y decisiones individuales automatizadas, siempre que resultase pertinente. Los derechos referidos en el p\u00e1rrafo precedente podr\u00e1n ejercitarse por cada cliente a trav\u00e9s de un formulario de ejercicios de derechos que nos solicitar\u00e1 por correo electr\u00f3nico. La solicitud escrita y firmada podr\u00e1 enviarla por correo postal a la siguiente direcci\u00f3n: PEDRO ANTONIO ALVAREZ FRIBERG con domicilio en C\/ Gruta, 22 3\u00ba B, adjuntando en ambos casos fotocopia del DNI del cliente.  <\/p>\n<p>1.4. El tratamiento automatizado a que ser\u00e1n sometidos todos los datos de car\u00e1cter personal recogidos como consecuencia de la solicitud, utilizaci\u00f3n, contrataci\u00f3n de cualquier producto o servicio o de cualquier transacci\u00f3n u operaci\u00f3n realizada a trav\u00e9s de esta p\u00e1gina web tiene como finalidad principal el mantenimiento de la relaci\u00f3n contractual con el propietario de esta p\u00e1gina web.<\/p>\n<p>1.5. Usted autoriza el env\u00edo de publicidad de nuestros servicios y productos. Sus datos de car\u00e1cter personal ser\u00e1n utilizados para gestionar el env\u00edo de publicidad a trav\u00e9s de medios tradicionales o electr\u00f3nicos. Las direcciones de correo electr\u00f3nico y los datos de car\u00e1cter personal que usted nos proporcione a trav\u00e9s del formulario de contacto de la p\u00e1gina web ser\u00e1n utilizados exclusivamente para atender las consultas que nos plantee por este medio. Resulta de aplicaci\u00f3n lo dispuesto en los art 22.1 y 22.2 de la ley 34\/2002, de 11 de julio, de servicios de la sociedad de la informaci\u00f3n y de comercio electr\u00f3nico que se modifica en virtud del art. 4 del Real Decreto-Ley 13\/2012, respecto al uso y tratamiento de sus datos de car\u00e1cter personal con el fin de gestionar el env\u00edo de publicidad.   <\/p>\n<p>1.6. La entidad garantiza la confidencialidad de los datos de car\u00e1cter personal. No obstante, la Empresa y\/o Entidad revelar\u00e1 a las autoridades p\u00fablicas competentes los datos personales y cualquier otra informaci\u00f3n que est\u00e9 en su poder o sea accesible a trav\u00e9s de sus sistemas y sea requerida de conformidad con las disposiciones legales y reglamentarias aplicables al caso. Los datos de car\u00e1cter personal podr\u00e1n ser conservados en los ficheros titularidad de PEDRO ANTONIO ALVAREZ FRIBERG incluso una vez finalizadas las relaciones formalizadas a trav\u00e9s de la p\u00e1gina web de la empresa, exclusivamente a los fines indicados anteriormente y, en todo caso, durante los plazos legalmente establecidos, a disposici\u00f3n de autoridades administrativas o judiciales.<br \/>\nPROCEDENCIA DE LOS DATOS<br \/>\nEl propio interesado.  <\/p>\n<p>EP\u00cdGRAFE<br \/>\nINFORMACI\u00d3N ART. 13 Y 14 RGPD FACTURAS\/CONTABILIDAD<br \/>\nRESPONSABLE DEL TRATAMIENTO<br \/>\nResponsable: PEDRO ANTONIO \u00c1LVAREZ FRIBERG<br \/>\nNIF\/CIF: 43154929Y<br \/>\nDomicilio: <em>C.\/ de la GRUTA 22, APTO 3B<\/em><br \/>\nDirecci\u00f3n de correo electr\u00f3nico: pedro@mallorcagraphics.com<br \/>\nDELEGADO DE PROTECCI\u00d3N DE DATOS<br \/>\nConversia<br \/>\nContacto: https:\/\/www.conversia.es\/<br \/>\nFINALIDAD DEL TRATAMIENTO<br \/>\nEn PEDRO ANTONIO ALVAREZ FRIBERG tratamos la informaci\u00f3n que nos facilita con el fin de elaborar y confeccionar las facturas de los productos y\/o servicios contratados y con el fin del cumplimiento de obligaciones contables y fiscales.<br \/>\nLos datos personales proporcionados se conservar\u00e1n, mientras se mantenga la relaci\u00f3n comercial y no se solicite supresi\u00f3n por el interesado, durante un plazo de 5 a\u00f1os a partir de la \u00faltima contrataci\u00f3n y\/o compra efectuada por usted.<br \/>\nNo se elabora ning\u00fan perfil comercial a partir de esta informaci\u00f3n.<br \/>\nLEGITIMACI\u00d3N DEL TRATAMIENTO<br \/>\nLa base legal para el tratamiento de sus datos es obligaci\u00f3n de la emisi\u00f3n de facturas de conformidad con el C\u00f3digo de Comercio, Ley General Tributaria, Ley de Impuesto de Sociedades y Ley de Impuesto de Renta de Personas F\u00edsicas.<br \/>\nExiste la obligaci\u00f3n de facilitar los datos de car\u00e1cter personal y en caso contrario no se puede prestar el servicio y\/o vender el producto.<br \/>\nDESTINATARIOS (CESIONES O TRANSFERENCIAS)<br \/>\nNo se ceder\u00e1n datos a terceros, salvo obligaci\u00f3n legal.<br \/>\nNo hay previsi\u00f3n de transferencia de datos a terceros pa\u00edses. No se toman decisiones de adecuaci\u00f3n, garant\u00edas, normas corporativas vinculantes o situaciones espec\u00edficas aplicables.<br \/>\nDERECHOS DE LOS INTERESADOS O AFECTADOS<br \/>\nCualquier persona tiene derecho a obtener confirmaci\u00f3n sobre si en PEDRO ANTONIO ALVAREZ FRIBERG estamos tratando datos personales que les conciernen. Las personas interesadas tienen derecho a acceder a sus datos personales, as\u00ed como a solicitar la rectificaci\u00f3n de los datos inexactos, o en su caso, solicitar la supresi\u00f3n cuando, entre otros motivos, los datos ya no sean necesarios para los fines que fueron recogidos. En determinadas circunstancias, los interesados podr\u00e1n solicitar la limitaci\u00f3n del tratamiento de sus datos, en cuyo caso \u00fanicamente lo conservaremos para el ejercicio o la defensa de reclamaciones.<br \/>\nUsted tiene derecho a presentar una Reclamaci\u00f3n ante la Autoridad de Control: Agencia Espa\u00f1ola de Protecci\u00f3n de Datos (www.agpd.es).<br \/>\nPROCEDENCIA DE LOS DATOS<br \/>\nEl propio interesado.   <\/p>\n<\/div><\/div>\n\n<div class=\"et_pb_tab_3 et_pb_tab clearfix et_pb_module et_block_module\"><div class=\"et_pb_tab_content\"><h4>Si no encuentra la respuesta a su pregunta a continuaci\u00f3n, p\u00f3ngase en contacto conmigo...<\/h4>\n<h3><strong>ESTIMACIONES<\/strong><\/h3>\n<p>Todos los presupuestos se dan sin I.V.A. y normalmente son v\u00e1lidos durante 30 d\u00edas (se indicar\u00e1 en sus presupuestos).<\/p>\n<p>Todos los presupuestos se reciben normalmente en un plazo de 3 d\u00edas laborables a partir de la solicitud, pero pueden demorarse mucho en funci\u00f3n del car\u00e1cter del trabajo.<\/p>\n<p><strong>Los presupuestos se facilitan <\/strong><strong>sin compromiso<\/strong><\/p>\n<p><strong>SITIOS WEB Y P\u00c1GINAS DE DESTINO<\/strong><\/p>\n<p>Las p\u00e1ginas web dise\u00f1adas o desarrolladas por Mallorca Graphics incluir\u00e1n una peque\u00f1a nota <em>\"<strong>p\u00e1gina web creada por MallorcaGraphics<\/strong>\"<\/em> en el pie de p\u00e1gina con un enlace a nuestra p\u00e1gina web.<\/p>\n<p>En raras circunstancias, cualquier servicio puede ser delegado a otro contratista independiente. Pero Mallorca Graphics seguir\u00e1 siendo su persona de contacto, <strong>y razonable para todo el trabajo<\/strong>. <\/p>\n<p><strong>OBRAS GR\u00c1FICAS<\/strong><\/p>\n<p>Todos los dise\u00f1os de Mallorca Graphics que incluyen im\u00e1genes se realizan con im\u00e1genes propias o con im\u00e1genes de stock compradas. Si hay alg\u00fan l\u00edmite en las cantidades de copias impresas, se indicar\u00e1 en el presupuesto y en la factura final. <\/p>\n<p>Todos los trabajos se entregar\u00e1n en alta resoluci\u00f3n (listos para imprimir) <em>(tras el pago completo)<\/em>. El archivo de dise\u00f1o (Adobe Photoshop, Illustrator, InDesign o Pdf) no se entregar\u00e1 si no se acuerda otra cosa. Mallorca Graphics guardar\u00e1 una copia de seguridad de todos los trabajos durante al menos 24 meses a partir de la fecha de entrega del trabajo. Peque\u00f1os cambios de texto en este periodo se har\u00e1n sin ning\u00fan coste adicional.   <\/p>\n<p><strong>PAGOS<\/strong><\/p>\n<p>El 25% debe pagarse antes de empezar cualquier trabajo, y el resto (75%) en un plazo de 5 d\u00edas laborables tras la finalizaci\u00f3n del trabajo, si no se llega a ning\u00fan otro acuerdo.<\/p>\n<p>Si se incluye el pago a un tercero, esta parte debe realizarse al menos 2 d\u00edas laborables antes del inicio de los trabajos o antes de la fecha de renovaci\u00f3n.<\/p>\n<p>Mallorca Graphics retendr\u00e1 el acceso a la p\u00e1gina web, y los archivos de impresi\u00f3n de los trabajos gr\u00e1ficos no ser\u00e1n entregados antes del pago completo.<\/p>\n<\/div><\/div>\n<\/div><\/div>\n\n<div class=\"et_pb_code_0 et_pb_code et_pb_module\"><div class=\"et_pb_code_inner\"><script type=\"text\/javascript\" charset=\"UTF-8\" src=\"\/\/cdn.cookie-script.com\/s\/6297c645060f34de88e069e993bdc52f.js\"><\/script><\/div><\/div>\n<\/div>\n<\/div>\n<\/div>","protected":false},"excerpt":{"rendered":"","protected":false},"author":1,"featured_media":0,"parent":0,"menu_order":0,"comment_status":"closed","ping_status":"open","template":"","meta":{"iawp_total_views":0,"footnotes":""},"class_list":["post-987516267","page","type-page","status-publish","hentry"],"dsm_author":{"name":"admin","avatar_url":"https:\/\/secure.gravatar.com\/avatar\/e42fd41bbd15ce9169bafd9a4a547dc85d26eb397c3a9c825cd9face8805b660?s=96&d=mm&r=g","archive_link":"https:\/\/stag.mgdev.work\/es\/blog\/author\/pedro-alvarez\/","biodata":""},"dsm_categories":[],"dsm_attachment_categories":[],"dsm_featured_image":null,"_links":{"self":[{"href":"https:\/\/stag.mgdev.work\/es\/wp-json\/wp\/v2\/pages\/987516267","targetHints":{"allow":["GET"]}}],"collection":[{"href":"https:\/\/stag.mgdev.work\/es\/wp-json\/wp\/v2\/pages"}],"about":[{"href":"https:\/\/stag.mgdev.work\/es\/wp-json\/wp\/v2\/types\/page"}],"author":[{"embeddable":true,"href":"https:\/\/stag.mgdev.work\/es\/wp-json\/wp\/v2\/users\/1"}],"replies":[{"embeddable":true,"href":"https:\/\/stag.mgdev.work\/es\/wp-json\/wp\/v2\/comments?post=987516267"}],"version-history":[{"count":2,"href":"https:\/\/stag.mgdev.work\/es\/wp-json\/wp\/v2\/pages\/987516267\/revisions"}],"predecessor-version":[{"id":987516272,"href":"https:\/\/stag.mgdev.work\/es\/wp-json\/wp\/v2\/pages\/987516267\/revisions\/987516272"}],"wp:attachment":[{"href":"https:\/\/stag.mgdev.work\/es\/wp-json\/wp\/v2\/media?parent=987516267"}],"curies":[{"name":"wp","href":"https:\/\/api.w.org\/{rel}","templated":true}]}}